{"id":4353,"date":"2026-05-07T11:02:05","date_gmt":"2026-05-07T09:02:05","guid":{"rendered":"https:\/\/industrial-cybersec.com\/?page_id=4353"},"modified":"2026-05-07T11:08:21","modified_gmt":"2026-05-07T09:08:21","slug":"persbericht-2","status":"publish","type":"page","link":"https:\/\/industrial-cybersec.com\/nl\/communique-de-presse-2\/","title":{"rendered":"Persbericht"},"content":{"rendered":"<div data-elementor-type=\"wp-page\" data-elementor-id=\"4353\" class=\"elementor elementor-4353\" data-elementor-post-type=\"page\">\n\t\t\t\t\t\t<section class=\"elementor-section elementor-top-section elementor-element elementor-element-91c5a26 elementor-section-boxed elementor-section-height-default elementor-section-height-default\" data-id=\"91c5a26\" data-element_type=\"section\" data-e-type=\"section\">\n\t\t\t\t\t\t<div class=\"elementor-container elementor-column-gap-default\">\n\t\t\t\t\t<div class=\"elementor-column elementor-col-100 elementor-top-column elementor-element elementor-element-37534cc\" data-id=\"37534cc\" data-element_type=\"column\" data-e-type=\"column\">\n\t\t\t<div class=\"elementor-widget-wrap elementor-element-populated\">\n\t\t\t\t\t\t<div class=\"elementor-element elementor-element-8e8caf2 elementor-widget elementor-widget-spacer\" data-id=\"8e8caf2\" data-element_type=\"widget\" data-e-type=\"widget\" data-widget_type=\"spacer.default\">\n\t\t\t\t<div class=\"elementor-widget-container\">\n\t\t\t\t\t\t\t<div class=\"elementor-spacer\">\n\t\t\t<div class=\"elementor-spacer-inner\"><\/div>\n\t\t<\/div>\n\t\t\t\t\t\t<\/div>\n\t\t\t\t<\/div>\n\t\t\t\t<div class=\"elementor-element elementor-element-38f058e elementor-widget elementor-widget-heading\" data-id=\"38f058e\" data-element_type=\"widget\" data-e-type=\"widget\" data-widget_type=\"heading.default\">\n\t\t\t\t<div class=\"elementor-widget-container\">\n\t\t\t\t\t<h3 class=\"elementor-heading-title elementor-size-default\">Persberichten voor het evenement<\/h3>\t\t\t\t<\/div>\n\t\t\t\t<\/div>\n\t\t\t\t<div class=\"elementor-element elementor-element-ced9d83 elementor-widget-divider--view-line elementor-widget elementor-widget-divider\" data-id=\"ced9d83\" data-element_type=\"widget\" data-e-type=\"widget\" data-widget_type=\"divider.default\">\n\t\t\t\t<div class=\"elementor-widget-container\">\n\t\t\t\t\t\t\t<div class=\"elementor-divider\">\n\t\t\t<span class=\"elementor-divider-separator\">\n\t\t\t\t\t\t<\/span>\n\t\t<\/div>\n\t\t\t\t\t\t<\/div>\n\t\t\t\t<\/div>\n\t\t\t\t<div class=\"elementor-element elementor-element-233aa02 elementor-widget elementor-widget-heading\" data-id=\"233aa02\" data-element_type=\"widget\" data-e-type=\"widget\" data-widget_type=\"heading.default\">\n\t\t\t\t<div class=\"elementor-widget-container\">\n\t\t\t\t\t<h3 class=\"elementor-heading-title elementor-size-default\">Franse versie<\/h3>\t\t\t\t<\/div>\n\t\t\t\t<\/div>\n\t\t\t\t\t<\/div>\n\t\t<\/div>\n\t\t\t\t\t<\/div>\n\t\t<\/section>\n\t\t\t\t<section class=\"elementor-section elementor-top-section elementor-element elementor-element-8d21952 elementor-section-boxed elementor-section-height-default elementor-section-height-default\" data-id=\"8d21952\" data-element_type=\"section\" data-e-type=\"section\">\n\t\t\t\t\t\t<div class=\"elementor-container elementor-column-gap-default\">\n\t\t\t\t\t<div class=\"elementor-column elementor-col-100 elementor-top-column elementor-element elementor-element-b2dc2c4\" data-id=\"b2dc2c4\" data-element_type=\"column\" data-e-type=\"column\">\n\t\t\t<div class=\"elementor-widget-wrap elementor-element-populated\">\n\t\t\t\t\t\t<div class=\"elementor-element elementor-element-07441f6 elementor-widget elementor-widget-image\" data-id=\"07441f6\" data-element_type=\"widget\" data-e-type=\"widget\" data-widget_type=\"image.default\">\n\t\t\t\t<div class=\"elementor-widget-container\">\n\t\t\t\t\t\t\t\t\t\t\t\t\t\t\t<img fetchpriority=\"high\" decoding=\"async\" width=\"884\" height=\"1258\" src=\"https:\/\/industrial-cybersec.com\/wp-content\/uploads\/Capture-decran-2026-05-07-a-11.07.26.png\" class=\"attachment-large size-large wp-image-4357\" alt=\"\" srcset=\"https:\/\/industrial-cybersec.com\/wp-content\/uploads\/Capture-decran-2026-05-07-a-11.07.26.png 884w, https:\/\/industrial-cybersec.com\/wp-content\/uploads\/Capture-decran-2026-05-07-a-11.07.26-768x1093.png 768w, https:\/\/industrial-cybersec.com\/wp-content\/uploads\/Capture-decran-2026-05-07-a-11.07.26-8x12.png 8w\" sizes=\"(max-width: 884px) 100vw, 884px\" \/>\t\t\t\t\t\t\t\t\t\t\t\t\t\t\t<\/div>\n\t\t\t\t<\/div>\n\t\t\t\t\t<\/div>\n\t\t<\/div>\n\t\t\t\t\t<\/div>\n\t\t<\/section>\n\t\t\t\t<section class=\"elementor-section elementor-top-section elementor-element elementor-element-30f5428 elementor-section-boxed elementor-section-height-default elementor-section-height-default\" data-id=\"30f5428\" data-element_type=\"section\" data-e-type=\"section\">\n\t\t\t\t\t\t<div class=\"elementor-container elementor-column-gap-default\">\n\t\t\t\t\t<div class=\"elementor-column elementor-col-100 elementor-top-column elementor-element elementor-element-2617aec\" data-id=\"2617aec\" data-element_type=\"column\" data-e-type=\"column\">\n\t\t\t<div class=\"elementor-widget-wrap elementor-element-populated\">\n\t\t\t\t\t\t<div class=\"elementor-element elementor-element-4a97150 elementor-widget elementor-widget-heading\" data-id=\"4a97150\" data-element_type=\"widget\" data-e-type=\"widget\" data-widget_type=\"heading.default\">\n\t\t\t\t<div class=\"elementor-widget-container\">\n\t\t\t\t\t<h3 class=\"elementor-heading-title elementor-size-default\">Engelse versie<\/h3>\t\t\t\t<\/div>\n\t\t\t\t<\/div>\n\t\t\t\t\t<\/div>\n\t\t<\/div>\n\t\t\t\t\t<\/div>\n\t\t<\/section>\n\t\t\t\t<section class=\"elementor-section elementor-top-section elementor-element elementor-element-92975e4 elementor-section-boxed elementor-section-height-default elementor-section-height-default\" data-id=\"92975e4\" data-element_type=\"section\" data-e-type=\"section\">\n\t\t\t\t\t\t<div class=\"elementor-container elementor-column-gap-default\">\n\t\t\t\t\t<div class=\"elementor-column elementor-col-100 elementor-top-column elementor-element elementor-element-9966a65\" data-id=\"9966a65\" data-element_type=\"column\" data-e-type=\"column\">\n\t\t\t<div class=\"elementor-widget-wrap elementor-element-populated\">\n\t\t\t\t\t\t<div class=\"elementor-element elementor-element-81550f3 elementor-widget elementor-widget-image\" data-id=\"81550f3\" data-element_type=\"widget\" data-e-type=\"widget\" data-widget_type=\"image.default\">\n\t\t\t\t<div class=\"elementor-widget-container\">\n\t\t\t\t\t\t\t\t\t\t\t\t\t\t\t<img decoding=\"async\" width=\"844\" height=\"1204\" src=\"https:\/\/industrial-cybersec.com\/wp-content\/uploads\/Capture-decran-2026-05-07-a-11.06.22.png\" class=\"attachment-large size-large wp-image-4356\" alt=\"\" srcset=\"https:\/\/industrial-cybersec.com\/wp-content\/uploads\/Capture-decran-2026-05-07-a-11.06.22.png 844w, https:\/\/industrial-cybersec.com\/wp-content\/uploads\/Capture-decran-2026-05-07-a-11.06.22-768x1096.png 768w, https:\/\/industrial-cybersec.com\/wp-content\/uploads\/Capture-decran-2026-05-07-a-11.06.22-8x12.png 8w\" sizes=\"(max-width: 844px) 100vw, 844px\" \/>\t\t\t\t\t\t\t\t\t\t\t\t\t\t\t<\/div>\n\t\t\t\t<\/div>\n\t\t\t\t<div class=\"elementor-element elementor-element-eafbc41 elementor-widget elementor-widget-spacer\" data-id=\"eafbc41\" data-element_type=\"widget\" data-e-type=\"widget\" data-widget_type=\"spacer.default\">\n\t\t\t\t<div class=\"elementor-widget-container\">\n\t\t\t\t\t\t\t<div class=\"elementor-spacer\">\n\t\t\t<div class=\"elementor-spacer-inner\"><\/div>\n\t\t<\/div>\n\t\t\t\t\t\t<\/div>\n\t\t\t\t<\/div>\n\t\t\t\t\t<\/div>\n\t\t<\/div>\n\t\t\t\t\t<\/div>\n\t\t<\/section>\n\t\t\t\t<\/div>","protected":false},"excerpt":{"rendered":"<p>Les communiqu\u00e9s de presse de l&rsquo;\u00e9v\u00e9nement Version fran\u00e7aise Version anglaise<\/p>","protected":false},"author":2,"featured_media":0,"parent":0,"menu_order":0,"comment_status":"closed","ping_status":"closed","template":"","meta":{"footnotes":""},"class_list":["post-4353","page","type-page","status-publish","hentry"],"_links":{"self":[{"href":"https:\/\/industrial-cybersec.com\/nl\/wp-json\/wp\/v2\/pages\/4353","targetHints":{"allow":["GET"]}}],"collection":[{"href":"https:\/\/industrial-cybersec.com\/nl\/wp-json\/wp\/v2\/pages"}],"about":[{"href":"https:\/\/industrial-cybersec.com\/nl\/wp-json\/wp\/v2\/types\/page"}],"author":[{"embeddable":true,"href":"https:\/\/industrial-cybersec.com\/nl\/wp-json\/wp\/v2\/users\/2"}],"replies":[{"embeddable":true,"href":"https:\/\/industrial-cybersec.com\/nl\/wp-json\/wp\/v2\/comments?post=4353"}],"version-history":[{"count":4,"href":"https:\/\/industrial-cybersec.com\/nl\/wp-json\/wp\/v2\/pages\/4353\/revisions"}],"predecessor-version":[{"id":4360,"href":"https:\/\/industrial-cybersec.com\/nl\/wp-json\/wp\/v2\/pages\/4353\/revisions\/4360"}],"wp:attachment":[{"href":"https:\/\/industrial-cybersec.com\/nl\/wp-json\/wp\/v2\/media?parent=4353"}],"curies":[{"name":"wp","href":"https:\/\/api.w.org\/{rel}","templated":true}]}}