{"id":3354,"date":"2026-02-20T09:21:27","date_gmt":"2026-02-20T08:21:27","guid":{"rendered":"https:\/\/industrial-cybersec.com\/?page_id=3354"},"modified":"2026-03-06T11:24:35","modified_gmt":"2026-03-06T10:24:35","slug":"practical-information","status":"publish","type":"page","link":"https:\/\/industrial-cybersec.com\/en\/informations-pratiques\/","title":{"rendered":"Practical info"},"content":{"rendered":"<div data-elementor-type=\"wp-page\" data-elementor-id=\"3354\" class=\"elementor elementor-3354\" data-elementor-post-type=\"page\">\n\t\t\t\t\t\t<section class=\"elementor-section elementor-top-section elementor-element elementor-element-65792df elementor-section-boxed elementor-section-height-default elementor-section-height-default\" data-id=\"65792df\" data-element_type=\"section\" data-e-type=\"section\">\n\t\t\t\t\t\t<div class=\"elementor-container elementor-column-gap-default\">\n\t\t\t\t\t<div class=\"elementor-column elementor-col-100 elementor-top-column elementor-element elementor-element-4bb34bf\" data-id=\"4bb34bf\" data-element_type=\"column\" data-e-type=\"column\">\n\t\t\t<div class=\"elementor-widget-wrap elementor-element-populated\">\n\t\t\t\t\t\t<div class=\"elementor-element elementor-element-58dd3f2 elementor-widget elementor-widget-spacer\" data-id=\"58dd3f2\" data-element_type=\"widget\" data-e-type=\"widget\" data-widget_type=\"spacer.default\">\n\t\t\t\t<div class=\"elementor-widget-container\">\n\t\t\t\t\t\t\t<div class=\"elementor-spacer\">\n\t\t\t<div class=\"elementor-spacer-inner\"><\/div>\n\t\t<\/div>\n\t\t\t\t\t\t<\/div>\n\t\t\t\t<\/div>\n\t\t\t\t<div class=\"elementor-element elementor-element-c79cfbf elementor-widget elementor-widget-heading\" data-id=\"c79cfbf\" data-element_type=\"widget\" data-e-type=\"widget\" data-widget_type=\"heading.default\">\n\t\t\t\t<div class=\"elementor-widget-container\">\n\t\t\t\t\t<h2 class=\"elementor-heading-title elementor-size-default\">Where does the Resilience and Sovereignty Convention take place?<\/h2>\t\t\t\t<\/div>\n\t\t\t\t<\/div>\n\t\t\t\t<div class=\"elementor-element elementor-element-8f0c490 elementor-widget elementor-widget-google_maps\" data-id=\"8f0c490\" data-element_type=\"widget\" data-e-type=\"widget\" data-widget_type=\"google_maps.default\">\n\t\t\t\t<div class=\"elementor-widget-container\">\n\t\t\t\t\t\t\t<div class=\"elementor-custom-embed\">\n\t\t\t<iframe loading=\"lazy\"\n\t\t\t\t\tsrc=\"https:\/\/maps.google.com\/maps?q=Sheraton%20Brussels%20Airport%20Hotel&#038;t=m&#038;z=10&#038;output=embed&#038;iwloc=near\"\n\t\t\t\t\ttitle=\"Sheraton Brussels Airport Hotel\"\n\t\t\t\t\taria-label=\"Sheraton Brussels Airport Hotel\"\n\t\t\t><\/iframe>\n\t\t<\/div>\n\t\t\t\t\t\t<\/div>\n\t\t\t\t<\/div>\n\t\t\t\t<div class=\"elementor-element elementor-element-a0b5955 elementor-widget elementor-widget-text-editor\" data-id=\"a0b5955\" data-element_type=\"widget\" data-e-type=\"widget\" data-widget_type=\"text-editor.default\">\n\t\t\t\t<div class=\"elementor-widget-container\">\n\t\t\t\t\t\t\t\t\t<p><span style=\"color: #000000;\">The Resilience and Sovereignty Convention will be held at the <strong>Sheraton Brussels Airport Hotel<\/strong>, in the heart of the airport. An easy-to-reach location, accessible directly from the main terminal, as well as by public transport.<\/span><\/p>\t\t\t\t\t\t\t\t<\/div>\n\t\t\t\t<\/div>\n\t\t\t\t<div class=\"elementor-element elementor-element-e63ac3c elementor-widget-divider--view-line elementor-widget elementor-widget-divider\" data-id=\"e63ac3c\" data-element_type=\"widget\" data-e-type=\"widget\" data-widget_type=\"divider.default\">\n\t\t\t\t<div class=\"elementor-widget-container\">\n\t\t\t\t\t\t\t<div class=\"elementor-divider\">\n\t\t\t<span class=\"elementor-divider-separator\">\n\t\t\t\t\t\t<\/span>\n\t\t<\/div>\n\t\t\t\t\t\t<\/div>\n\t\t\t\t<\/div>\n\t\t\t\t\t<\/div>\n\t\t<\/div>\n\t\t\t\t\t<\/div>\n\t\t<\/section>\n\t\t\t\t<section class=\"elementor-section elementor-top-section elementor-element elementor-element-6fdb8e0 elementor-section-boxed elementor-section-height-default elementor-section-height-default\" data-id=\"6fdb8e0\" data-element_type=\"section\" data-e-type=\"section\">\n\t\t\t\t\t\t<div class=\"elementor-container elementor-column-gap-default\">\n\t\t\t\t\t<div class=\"elementor-column elementor-col-100 elementor-top-column elementor-element elementor-element-cc7fb93\" data-id=\"cc7fb93\" data-element_type=\"column\" data-e-type=\"column\">\n\t\t\t<div class=\"elementor-widget-wrap elementor-element-populated\">\n\t\t\t\t\t\t<div class=\"elementor-element elementor-element-e8c1558 elementor-widget elementor-widget-heading\" data-id=\"e8c1558\" data-element_type=\"widget\" data-e-type=\"widget\" data-widget_type=\"heading.default\">\n\t\t\t\t<div class=\"elementor-widget-container\">\n\t\t\t\t\t<h2 class=\"elementor-heading-title elementor-size-default\">Nearby hotels <\/h2>\t\t\t\t<\/div>\n\t\t\t\t<\/div>\n\t\t\t\t\t<\/div>\n\t\t<\/div>\n\t\t\t\t\t<\/div>\n\t\t<\/section>\n\t\t\t\t<section class=\"elementor-section elementor-top-section elementor-element elementor-element-8753abc elementor-section-boxed elementor-section-height-default elementor-section-height-default\" data-id=\"8753abc\" data-element_type=\"section\" data-e-type=\"section\">\n\t\t\t\t\t\t<div class=\"elementor-container elementor-column-gap-default\">\n\t\t\t\t\t<div class=\"elementor-column elementor-col-100 elementor-top-column elementor-element elementor-element-f70c81e\" data-id=\"f70c81e\" data-element_type=\"column\" data-e-type=\"column\">\n\t\t\t<div class=\"elementor-widget-wrap elementor-element-populated\">\n\t\t\t\t\t\t<div class=\"elementor-element elementor-element-18631d4 elementor-widget elementor-widget-text-editor\" data-id=\"18631d4\" data-element_type=\"widget\" data-e-type=\"widget\" data-widget_type=\"text-editor.default\">\n\t\t\t\t<div class=\"elementor-widget-container\">\n\t\t\t\t\t\t\t\t\t<h4><b><img decoding=\"async\" class=\"emoji\" role=\"img\" draggable=\"false\" src=\"https:\/\/s.w.org\/images\/core\/emoji\/17.0.2\/svg\/1f4cd.svg\" alt=\"\ud83d\udccd\" \/> <span style=\"color: #000000;\">Holiday Inn:\u00a0<\/span><\/b><\/h4><ul><li><span style=\"color: #000000;\">\u00e0<\/span> <a href=\"https:\/\/www.ihg.com\/holidayinn\/hotels\/fr\/fr\/brussels\/bruap\/hoteldetail\">proximity<\/a> <span style=\"color: #000000;\">Sheraton Brussels Airport Hotel<\/span><\/li><li><span style=\"color: #000000;\">Accessible via the<\/span> <span style=\"color: #000080;\"><strong>IC shuttle<\/strong><\/span> <span style=\"color: #000000;\">4 min walk from Holiday Inn (stop <strong><em>Dieghem<\/em><\/strong>), 20 minutes by public transport, then 2 minutes on foot<\/span><\/li><li><span style=\"color: #000000;\">Otherwise take the bus<\/span> <strong><span style=\"color: #3366ff;\">number 82<\/span><\/strong> <span style=\"color: #000000;\">at the Diegem Holiday stop, get off at the <strong><em>Zaventem Brussels Airport Perron 2\u00a0<\/em><\/strong><\/span><\/li><li><span style=\"color: #000000;\">alternative, take the<\/span> <span style=\"color: #339966;\"><strong>shuttle R26<\/strong><\/span><\/li><\/ul><div>\u00a0<\/div><h4><b><img decoding=\"async\" class=\"emoji\" role=\"img\" draggable=\"false\" src=\"https:\/\/s.w.org\/images\/core\/emoji\/17.0.2\/svg\/1f4cd.svg\" alt=\"\ud83d\udccd\" \/> <span style=\"color: #000000;\">Hotel NH Brussels Airport :\u00a0<\/span><\/b><\/h4><ul><li><a href=\"https:\/\/www.nh-hotels.com\/en\/hotel\/nh-brussels-airport?campid=8435708&amp;utm_campaign=nh_hotel&amp;utm_source=google&amp;utm_medium=cpc&amp;utm_id=22343106421&amp;utm_source_platform=sa360&amp;gclsrc=aw.ds&amp;gad_source=1&amp;gad_campaignid=22343106421&amp;gbraid=0AAAAAD5GqPACj7UEC0ch-MR-f7lWAPwxF&amp;gclid=CjwKCAiAkvDMBhBMEiwAnUA9BQrhAicJkLGrA47_GOHBwazIJmV6i1dcOWz3BTCRlCi-L_1_ON5GJhoCEBwQAvD_BwE\">at 15 min<\/a> <span style=\"color: #000000;\">Sheraton Brussels Airport Hotel<\/span><\/li><li><span style=\"color: #000000;\">6 min walk to stop\u00a0<strong><em>Diegem<\/em><\/strong>, then take the\u2019<\/span><strong><span style=\"color: #000080;\">IC<\/span><\/strong> <span style=\"color: #000000;\">to the stop\u00a0<em><strong>Brussels Airport - Zaventem<\/strong>,\u00a0<\/em>and finish with a minute's walk<\/span><\/li><li><span style=\"color: #000000;\">Otherwise take the bus<\/span> <strong><span style=\"color: #3366ff;\">number 82<\/span><\/strong> <span style=\"color: #000000;\">at Diegem Station, get off at the stop <strong><em>Zaventem Brussels Airport Perron 2\u00a0<\/em><\/strong><\/span><\/li><li><span style=\"color: #000000;\">the<\/span> <span style=\"color: #339966;\"><strong>shuttle R26<\/strong><\/span> <span style=\"color: #000000;\">is also available<\/span><\/li><\/ul><div><i>\u00a0<\/i><\/div><h4><b><img decoding=\"async\" class=\"emoji\" role=\"img\" draggable=\"false\" src=\"https:\/\/s.w.org\/images\/core\/emoji\/17.0.2\/svg\/1f4cd.svg\" alt=\"\ud83d\udccd\" \/><span style=\"color: #000000;\">Van der Valk Hotel :<\/span><\/b><\/h4><ul><li><a href=\"https:\/\/www.hotelbrusselsairport.com\/fr\">at 20 min<\/a> <span style=\"color: #000000;\">transportation from Sheraton Brussels Airport Hotel<\/span><\/li><li><span style=\"color: #000000;\">10 min to stop\u00a0\u00a0<em><strong>Zaventem Maalbeekweg<\/strong>, <\/em>take the<\/span> <strong><span style=\"color: #ffcc00;\">shuttle R59<\/span><\/strong><span style=\"color: #000000;\"><em> and\u00a0<\/em>get off at stop <strong><em>Zaventem Brussels Airport perron A<\/em><\/strong><\/span><\/li><\/ul><p>\u00a0<\/p><h4><b><img decoding=\"async\" class=\"emoji\" role=\"img\" draggable=\"false\" src=\"https:\/\/s.w.org\/images\/core\/emoji\/17.0.2\/svg\/1f4cd.svg\" alt=\"\ud83d\udccd\" \/> <span style=\"color: #000000;\">Novotel Brussels Airport :\u00a0<\/span><\/b><\/h4><ul><li><a href=\"https:\/\/all.accor.com\/hotel\/0467\/index.en.shtml\">at 10 min<\/a> <span style=\"color: #000000;\">transport from Sheration Brussels Airport Hotel\u00a0<\/span><\/li><li><span style=\"color: #000000;\">take the<\/span> <strong><span style=\"color: #ffcc00;\">shuttle R59<\/span>\u00a0<\/strong><span style=\"color: #000000;\">since the <em><strong>Zaventem Olmenstraat<\/strong>,\u00a0 <\/em>and get off at the stop <strong><em>Zaventem Brussels Airport perron A<\/em><\/strong><\/span><\/li><\/ul>\t\t\t\t\t\t\t\t<\/div>\n\t\t\t\t<\/div>\n\t\t\t\t<div class=\"elementor-element elementor-element-8e406b4 elementor-widget-divider--view-line elementor-widget elementor-widget-divider\" data-id=\"8e406b4\" data-element_type=\"widget\" data-e-type=\"widget\" data-widget_type=\"divider.default\">\n\t\t\t\t<div class=\"elementor-widget-container\">\n\t\t\t\t\t\t\t<div class=\"elementor-divider\">\n\t\t\t<span class=\"elementor-divider-separator\">\n\t\t\t\t\t\t<\/span>\n\t\t<\/div>\n\t\t\t\t\t\t<\/div>\n\t\t\t\t<\/div>\n\t\t\t\t\t<\/div>\n\t\t<\/div>\n\t\t\t\t\t<\/div>\n\t\t<\/section>\n\t\t\t\t<section class=\"elementor-section elementor-top-section elementor-element elementor-element-4c290fc elementor-section-boxed elementor-section-height-default elementor-section-height-default\" data-id=\"4c290fc\" data-element_type=\"section\" data-e-type=\"section\">\n\t\t\t\t\t\t<div class=\"elementor-container elementor-column-gap-default\">\n\t\t\t\t\t<div class=\"elementor-column elementor-col-100 elementor-top-column elementor-element elementor-element-bdb4b37\" data-id=\"bdb4b37\" data-element_type=\"column\" data-e-type=\"column\">\n\t\t\t<div class=\"elementor-widget-wrap elementor-element-populated\">\n\t\t\t\t\t\t<div class=\"elementor-element elementor-element-6e349ff elementor-widget elementor-widget-heading\" data-id=\"6e349ff\" data-element_type=\"widget\" data-e-type=\"widget\" data-widget_type=\"heading.default\">\n\t\t\t\t<div class=\"elementor-widget-container\">\n\t\t\t\t\t<h2 class=\"elementor-heading-title elementor-size-default\">Getting around Brussels<\/h2>\t\t\t\t<\/div>\n\t\t\t\t<\/div>\n\t\t\t\t\t<\/div>\n\t\t<\/div>\n\t\t\t\t\t<\/div>\n\t\t<\/section>\n\t\t\t\t<section class=\"elementor-section elementor-top-section elementor-element elementor-element-4eab208 elementor-section-boxed elementor-section-height-default elementor-section-height-default\" data-id=\"4eab208\" data-element_type=\"section\" data-e-type=\"section\">\n\t\t\t\t\t\t<div class=\"elementor-container elementor-column-gap-default\">\n\t\t\t\t\t<div class=\"elementor-column elementor-col-100 elementor-top-column elementor-element elementor-element-44cdbc0\" data-id=\"44cdbc0\" data-element_type=\"column\" data-e-type=\"column\">\n\t\t\t<div class=\"elementor-widget-wrap elementor-element-populated\">\n\t\t\t\t\t\t<div class=\"elementor-element elementor-element-38a2ca7 elementor-widget elementor-widget-text-editor\" data-id=\"38a2ca7\" data-element_type=\"widget\" data-e-type=\"widget\" data-widget_type=\"text-editor.default\">\n\t\t\t\t<div class=\"elementor-widget-container\">\n\t\t\t\t\t\t\t\t\t<h4><strong><img decoding=\"async\" class=\"emoji\" role=\"img\" draggable=\"false\" src=\"https:\/\/s.w.org\/images\/core\/emoji\/17.0.2\/svg\/1f683.svg\" alt=\"\ud83d\ude83\" \/>\u00a0 <span style=\"color: #000000;\">Transport tickets :\u00a0<\/span><\/strong><\/h4><ul><li><span style=\"color: #000000;\">if you already have a card <strong>MOBIB<\/strong> with a subscription, simply scan it against the red terminal to validate it<\/span><\/li><li><span style=\"color: #000000;\">otherwise, you can use your bank card to pay for any service (bus, metro, tramway, etc.).<\/span><ul><li><span style=\"color: #000000;\">simply scan it against the grey\/blue payment terminal showing a card.<\/span><\/li><\/ul><\/li><li><span style=\"color: #000000;\">day passes can also be purchased at certain bus stops or in stores located throughout Brussels.\u00a0<\/span><\/li><li><span style=\"color: #000000;\">Ticket valid 1H from payment : <strong>2,40\u20ac<\/strong><\/span><\/li><\/ul><h4>\u00a0<\/h4><h4><strong><img decoding=\"async\" class=\"emoji\" role=\"img\" draggable=\"false\" src=\"https:\/\/s.w.org\/images\/core\/emoji\/17.0.2\/svg\/1f5fa.svg\" alt=\"\ud83d\uddfa\ufe0f\" \/>\u00a0 <span style=\"color: #000000;\">Useful applications to download<\/span>\u00a0<\/strong><\/h4><ul><li><span style=\"color: #000000;\"><strong>Citymapper<\/strong>, to find your way around the city and find out which means of transport to use \/. <strong>Google Maps\u00a0<\/strong><\/span><\/li><li><span style=\"color: #000000;\"><strong>STIB-MVIB<\/strong>, the bus, streetcar and metro timetable application\u00a0<\/span><\/li><li><span style=\"color: #000000;\">SNBC: for trains if necessary<\/span><\/li><li><span style=\"color: #000000;\">CFS Transport, to book a shuttle to the airport<\/span><\/li><li><span style=\"color: #000000;\"><strong>Uber \/ Heetch \/ eCab<\/strong>, to order a cab if necessary\u00a0<\/span><\/li><\/ul><h4>\u00a0<\/h4><h4><span style=\"color: #000000;\"><strong><img decoding=\"async\" class=\"emoji\" role=\"img\" draggable=\"false\" src=\"https:\/\/s.w.org\/images\/core\/emoji\/17.0.2\/svg\/1f697.svg\" alt=\"\ud83d\ude97\" \/>\u00a0 Nearby parking lots :\u00a0<\/strong><\/span><\/h4><ul><li><span style=\"color: #000000;\">The Sheraton parking lot is available, but the number of spaces available cannot be guaranteed as priority is given to hotel guests.<\/span><\/li><li><span style=\"color: #000000;\">For all parking lots available at the airport, the online platform <a style=\"color: #000000;\" href=\"https:\/\/www.interparking.be\/en\/parkings\/zaventem\/lock-park\/\">Interparking<\/a> is to be preferred<\/span><\/li><li><span style=\"color: #000000;\">Interparking Brussels Airport - <strong>Parking Discount 2<\/strong>, 15 minutes by public transport from Sheration Brussels Airport Hotel<\/span><\/li><li><span style=\"color: #000000;\">Interparking Brussels Airport - <strong>Parking Discount 1<\/strong>, also 15 min away<\/span><\/li><li><span style=\"color: #000000;\">BRU - Lock Park, 3-minute walk<\/span><\/li><\/ul>\t\t\t\t\t\t\t\t<\/div>\n\t\t\t\t<\/div>\n\t\t\t\t<div class=\"elementor-element elementor-element-59df3f6 elementor-widget elementor-widget-spacer\" data-id=\"59df3f6\" data-element_type=\"widget\" data-e-type=\"widget\" data-widget_type=\"spacer.default\">\n\t\t\t\t<div class=\"elementor-widget-container\">\n\t\t\t\t\t\t\t<div class=\"elementor-spacer\">\n\t\t\t<div class=\"elementor-spacer-inner\"><\/div>\n\t\t<\/div>\n\t\t\t\t\t\t<\/div>\n\t\t\t\t<\/div>\n\t\t\t\t\t<\/div>\n\t\t<\/div>\n\t\t\t\t\t<\/div>\n\t\t<\/section>\n\t\t\t\t<\/div>","protected":false},"excerpt":{"rendered":"<p>O\u00f9 se d\u00e9roule la Resilience and Sovereignty Convention ? La Resilience and Sovereignty Convention se d\u00e9roulera au Sheraton Brussels Airport Hotel, en plein coeur de l&rsquo;a\u00e9roport. Un lieu facile d&rsquo;acc\u00e8s donc, accessible directement depuis le terminal principal, ainsi qu&rsquo;en transport en commun. Les h\u00f4tels \u00e0 proximit\u00e9 Holiday Inn :\u00a0 \u00e0 proximit\u00e9 du Sheraton Brussels Airport [&hellip;]<\/p>\n","protected":false},"author":2,"featured_media":0,"parent":0,"menu_order":0,"comment_status":"closed","ping_status":"closed","template":"","meta":{"footnotes":""},"class_list":["post-3354","page","type-page","status-publish","hentry"],"_links":{"self":[{"href":"https:\/\/industrial-cybersec.com\/en\/wp-json\/wp\/v2\/pages\/3354","targetHints":{"allow":["GET"]}}],"collection":[{"href":"https:\/\/industrial-cybersec.com\/en\/wp-json\/wp\/v2\/pages"}],"about":[{"href":"https:\/\/industrial-cybersec.com\/en\/wp-json\/wp\/v2\/types\/page"}],"author":[{"embeddable":true,"href":"https:\/\/industrial-cybersec.com\/en\/wp-json\/wp\/v2\/users\/2"}],"replies":[{"embeddable":true,"href":"https:\/\/industrial-cybersec.com\/en\/wp-json\/wp\/v2\/comments?post=3354"}],"version-history":[{"count":120,"href":"https:\/\/industrial-cybersec.com\/en\/wp-json\/wp\/v2\/pages\/3354\/revisions"}],"predecessor-version":[{"id":3810,"href":"https:\/\/industrial-cybersec.com\/en\/wp-json\/wp\/v2\/pages\/3354\/revisions\/3810"}],"wp:attachment":[{"href":"https:\/\/industrial-cybersec.com\/en\/wp-json\/wp\/v2\/media?parent=3354"}],"curies":[{"name":"wp","href":"https:\/\/api.w.org\/{rel}","templated":true}]}}