{"id":311,"date":"2022-11-16T17:32:24","date_gmt":"2022-11-16T16:32:24","guid":{"rendered":"https:\/\/industrial-cybersec.com\/?page_id=311"},"modified":"2023-11-06T16:41:34","modified_gmt":"2023-11-06T15:41:34","slug":"practical-information-nivelles","status":"publish","type":"page","link":"https:\/\/industrial-cybersec.com\/en\/informations-pratiques-nivelles\/","title":{"rendered":"Practical information Nivelles"},"content":{"rendered":"<div data-elementor-type=\"wp-page\" data-elementor-id=\"311\" class=\"elementor elementor-311\" data-elementor-post-type=\"page\">\n\t\t\t\t\t\t<section class=\"elementor-section elementor-top-section elementor-element elementor-element-d554531 elementor-section-full_width elementor-section-height-min-height elementor-section-items-stretch elementor-section-height-default\" data-id=\"d554531\" data-element_type=\"section\" data-e-type=\"section\" data-settings=\"{&quot;background_background&quot;:&quot;classic&quot;}\">\n\t\t\t\t\t\t\t<div class=\"elementor-background-overlay\"><\/div>\n\t\t\t\t\t\t\t<div class=\"elementor-container elementor-column-gap-default\">\n\t\t\t\t\t<div class=\"elementor-column elementor-col-100 elementor-top-column elementor-element elementor-element-d1bdfc5\" data-id=\"d1bdfc5\" data-element_type=\"column\" data-e-type=\"column\">\n\t\t\t<div class=\"elementor-widget-wrap elementor-element-populated\">\n\t\t\t\t\t\t<section class=\"elementor-section elementor-inner-section elementor-element elementor-element-317b766 elementor-section-boxed elementor-section-height-default elementor-section-height-default\" data-id=\"317b766\" data-element_type=\"section\" data-e-type=\"section\">\n\t\t\t\t\t\t<div class=\"elementor-container elementor-column-gap-default\">\n\t\t\t\t\t<div class=\"elementor-column elementor-col-50 elementor-inner-column elementor-element elementor-element-9ee51ef elementor-invisible\" data-id=\"9ee51ef\" data-element_type=\"column\" data-e-type=\"column\" data-settings=\"{&quot;animation&quot;:&quot;fadeInLeft&quot;}\">\n\t\t\t<div class=\"elementor-widget-wrap elementor-element-populated\">\n\t\t\t\t\t\t<div class=\"elementor-element elementor-element-e4ebbc9 elementor-hidden-mobile elementor-widget elementor-widget-image\" data-id=\"e4ebbc9\" data-element_type=\"widget\" data-e-type=\"widget\" data-settings=\"{&quot;motion_fx_motion_fx_mouse&quot;:&quot;yes&quot;,&quot;motion_fx_mouseTrack_effect&quot;:&quot;yes&quot;,&quot;motion_fx_mouseTrack_speed&quot;:{&quot;unit&quot;:&quot;px&quot;,&quot;size&quot;:0.1,&quot;sizes&quot;:[]}}\" data-widget_type=\"image.default\">\n\t\t\t\t<div class=\"elementor-widget-container\">\n\t\t\t\t\t\t\t\t\t\t\t\t\t\t\t<img fetchpriority=\"high\" decoding=\"async\" width=\"422\" height=\"495\" src=\"https:\/\/industrial-cybersec.com\/wp-content\/uploads\/MicrosoftTeams-image-9.png\" class=\"attachment-large size-large wp-image-186\" alt=\"Favicon ICF\" \/>\t\t\t\t\t\t\t\t\t\t\t\t\t\t\t<\/div>\n\t\t\t\t<\/div>\n\t\t\t\t\t<\/div>\n\t\t<\/div>\n\t\t\t\t<div class=\"elementor-column elementor-col-50 elementor-inner-column elementor-element elementor-element-21a6dab elementor-invisible\" data-id=\"21a6dab\" data-element_type=\"column\" data-e-type=\"column\" data-settings=\"{&quot;animation&quot;:&quot;fadeInRight&quot;}\">\n\t\t\t<div class=\"elementor-widget-wrap elementor-element-populated\">\n\t\t\t\t\t\t<div class=\"elementor-element elementor-element-c6ccfa0 elementor-widget elementor-widget-heading\" data-id=\"c6ccfa0\" data-element_type=\"widget\" data-e-type=\"widget\" data-widget_type=\"heading.default\">\n\t\t\t\t<div class=\"elementor-widget-container\">\n\t\t\t\t\t<h1 class=\"elementor-heading-title elementor-size-default\">Industrial Cybersec Forum<\/h1>\t\t\t\t<\/div>\n\t\t\t\t<\/div>\n\t\t\t\t<div class=\"elementor-element elementor-element-f1a9ba2 elementor-widget-divider--view-line elementor-widget elementor-widget-divider\" data-id=\"f1a9ba2\" data-element_type=\"widget\" data-e-type=\"widget\" data-widget_type=\"divider.default\">\n\t\t\t\t<div class=\"elementor-widget-container\">\n\t\t\t\t\t\t\t<div class=\"elementor-divider\">\n\t\t\t<span class=\"elementor-divider-separator\">\n\t\t\t\t\t\t<\/span>\n\t\t<\/div>\n\t\t\t\t\t\t<\/div>\n\t\t\t\t<\/div>\n\t\t\t\t<div class=\"elementor-element elementor-element-0760526 elementor-widget elementor-widget-heading\" data-id=\"0760526\" data-element_type=\"widget\" data-e-type=\"widget\" data-widget_type=\"heading.default\">\n\t\t\t\t<div class=\"elementor-widget-container\">\n\t\t\t\t\t<h2 class=\"elementor-heading-title elementor-size-default\">Practical information Nivelles<\/h2>\t\t\t\t<\/div>\n\t\t\t\t<\/div>\n\t\t\t\t<div class=\"elementor-element elementor-element-398cf39 elementor-widget elementor-widget-button\" data-id=\"398cf39\" data-element_type=\"widget\" data-e-type=\"widget\" data-widget_type=\"button.default\">\n\t\t\t\t<div class=\"elementor-widget-container\">\n\t\t\t\t\t\t\t\t\t<div class=\"elementor-button-wrapper\">\n\t\t\t\t\t<a class=\"elementor-button elementor-button-link elementor-size-sm elementor-animation-grow\" href=\"https:\/\/mcevent.mark-com.com\/IndustrialCyberSecForum2023#\/?lang=en\" target=\"_blank\">\n\t\t\t\t\t\t<span class=\"elementor-button-content-wrapper\">\n\t\t\t\t\t\t\t\t\t<span class=\"elementor-button-text\">Registrer<\/span>\n\t\t\t\t\t<\/span>\n\t\t\t\t\t<\/a>\n\t\t\t\t<\/div>\n\t\t\t\t\t\t\t\t<\/div>\n\t\t\t\t<\/div>\n\t\t\t\t\t<\/div>\n\t\t<\/div>\n\t\t\t\t\t<\/div>\n\t\t<\/section>\n\t\t\t\t\t<\/div>\n\t\t<\/div>\n\t\t\t\t\t<\/div>\n\t\t<\/section>\n\t\t\t\t<section class=\"elementor-section elementor-top-section elementor-element elementor-element-55dcbc0 elementor-section-boxed elementor-section-height-default elementor-section-height-default\" data-id=\"55dcbc0\" data-element_type=\"section\" data-e-type=\"section\">\n\t\t\t\t\t\t<div class=\"elementor-container elementor-column-gap-default\">\n\t\t\t\t\t<div class=\"elementor-column elementor-col-100 elementor-top-column elementor-element elementor-element-fe0ea76\" data-id=\"fe0ea76\" data-element_type=\"column\" data-e-type=\"column\">\n\t\t\t<div class=\"elementor-widget-wrap elementor-element-populated\">\n\t\t\t\t\t\t<div class=\"elementor-element elementor-element-22e498d elementor-widget elementor-widget-text-editor\" data-id=\"22e498d\" data-element_type=\"widget\" data-e-type=\"widget\" data-widget_type=\"text-editor.default\">\n\t\t\t\t<div class=\"elementor-widget-container\">\n\t\t\t\t\t\t\t\t\t<p><strong>Date<\/strong> February 9, 2023 - from 8:30 am to 4:00 pm<br \/><strong>Address<\/strong>: Van der Valk Hotel Nivelles-Sud - Chauss\u00e9e de Mons 22, 1400 Nivelles<br \/><strong>Press partnership<\/strong> : Magazines Solutions<\/p><p><strong>How do I get to the Van der Valk Hotel?<\/strong><\/p><p><strong>By car<\/strong> :<br \/>1. Freeway E19\/A7 Paris-Brussels exit 19 \"Wavre - Nivelles-Sud<br \/>2. Highway E420\/A54 Charleroi-Brussels exit 20 \"Petit-Roeulx - Nivelles-Sud\".<br \/>3. N25 Wavre\/Louvain-la-Neuve-Nivelles and R24 direction \"Braine-le-Comte - Nivelles-Sud<br \/>Numerous free parking spaces are available in front of the hotel.<br \/><strong>By train<\/strong> :<br \/>1. Nivelles SNCB station: 3 KM<br \/>2. Brussels South Station (Eurostar, ICE and Thalys): 32.5 KM<br \/><strong>By bus<\/strong> :<br \/>From the station of Nivelles :<br \/>1. TEC 72 (direction MANAGE Station) - Get off at the Nivelles Shopping stop<br \/>2. TEC 74 (direction Feluy Place) - Get off at the Nivelles Shopping stop<\/p>\t\t\t\t\t\t\t\t<\/div>\n\t\t\t\t<\/div>\n\t\t\t\t<div class=\"elementor-element elementor-element-d05bc96 elementor-widget elementor-widget-image\" data-id=\"d05bc96\" data-element_type=\"widget\" data-e-type=\"widget\" data-widget_type=\"image.default\">\n\t\t\t\t<div class=\"elementor-widget-container\">\n\t\t\t\t\t\t\t\t\t\t\t\t\t\t\t<img decoding=\"async\" width=\"800\" height=\"201\" src=\"https:\/\/industrial-cybersec.com\/wp-content\/uploads\/company_logos_383328_1576229087.png\" class=\"attachment-large size-large wp-image-317\" alt=\"\" srcset=\"https:\/\/industrial-cybersec.com\/wp-content\/uploads\/company_logos_383328_1576229087.png 800w, https:\/\/industrial-cybersec.com\/wp-content\/uploads\/company_logos_383328_1576229087-768x193.png 768w\" sizes=\"(max-width: 800px) 100vw, 800px\" \/>\t\t\t\t\t\t\t\t\t\t\t\t\t\t\t<\/div>\n\t\t\t\t<\/div>\n\t\t\t\t\t<\/div>\n\t\t<\/div>\n\t\t\t\t\t<\/div>\n\t\t<\/section>\n\t\t\t\t<section class=\"elementor-section elementor-top-section elementor-element elementor-element-b310abc elementor-section-full_width elementor-section-height-default elementor-section-height-default\" data-id=\"b310abc\" data-element_type=\"section\" data-e-type=\"section\">\n\t\t\t\t\t\t<div class=\"elementor-container elementor-column-gap-default\">\n\t\t\t\t\t<div class=\"elementor-column elementor-col-100 elementor-top-column elementor-element elementor-element-b55f8d3\" data-id=\"b55f8d3\" data-element_type=\"column\" data-e-type=\"column\">\n\t\t\t<div class=\"elementor-widget-wrap elementor-element-populated\">\n\t\t\t\t\t\t<div class=\"elementor-element elementor-element-4533d6a elementor-widget elementor-widget-google_maps\" data-id=\"4533d6a\" data-element_type=\"widget\" data-e-type=\"widget\" data-widget_type=\"google_maps.default\">\n\t\t\t\t<div class=\"elementor-widget-container\">\n\t\t\t\t\t\t\t<div class=\"elementor-custom-embed\">\n\t\t\t<iframe loading=\"lazy\"\n\t\t\t\t\tsrc=\"https:\/\/maps.google.com\/maps?q=Chauss%C3%A9e%20de%20Mons%2022%2C%201400%20Nivelles&#038;t=m&#038;z=14&#038;output=embed&#038;iwloc=near\"\n\t\t\t\t\ttitle=\"Chauss\u00e9e de Mons 22, 1400 Nivelles\"\n\t\t\t\t\taria-label=\"Chauss\u00e9e de Mons 22, 1400 Nivelles\"\n\t\t\t><\/iframe>\n\t\t<\/div>\n\t\t\t\t\t\t<\/div>\n\t\t\t\t<\/div>\n\t\t\t\t\t<\/div>\n\t\t<\/div>\n\t\t\t\t\t<\/div>\n\t\t<\/section>\n\t\t\t\t<\/div>","protected":false},"excerpt":{"rendered":"<p>Industrial Cybersec Forum Inscriptions Date : 9 f\u00e9vrier 2023 &#8211; de 8h30 \u00e0 16h00Adresse: Van der Valk Hotel Nivelles-Sud &#8211; Chauss\u00e9e de Mons 22, 1400 NivellesPartenariat presse : Magazines Solutions Comment acc\u00e8de-t-on au Van der Valk Hotel ? En voiture :1. Autoroute E19\/A7 Paris-Bruxelles sortie 19 \u00abWavre \u2013 Nivelles-Sud\u00bb2. Autoroute E420\/A54 Charleroi-Bruxelles sortie 20 \u00abPetit-Roeulx [&hellip;]<\/p>\n","protected":false},"author":1,"featured_media":0,"parent":0,"menu_order":0,"comment_status":"closed","ping_status":"closed","template":"","meta":{"footnotes":""},"class_list":["post-311","page","type-page","status-publish","hentry"],"_links":{"self":[{"href":"https:\/\/industrial-cybersec.com\/en\/wp-json\/wp\/v2\/pages\/311","targetHints":{"allow":["GET"]}}],"collection":[{"href":"https:\/\/industrial-cybersec.com\/en\/wp-json\/wp\/v2\/pages"}],"about":[{"href":"https:\/\/industrial-cybersec.com\/en\/wp-json\/wp\/v2\/types\/page"}],"author":[{"embeddable":true,"href":"https:\/\/industrial-cybersec.com\/en\/wp-json\/wp\/v2\/users\/1"}],"replies":[{"embeddable":true,"href":"https:\/\/industrial-cybersec.com\/en\/wp-json\/wp\/v2\/comments?post=311"}],"version-history":[{"count":0,"href":"https:\/\/industrial-cybersec.com\/en\/wp-json\/wp\/v2\/pages\/311\/revisions"}],"wp:attachment":[{"href":"https:\/\/industrial-cybersec.com\/en\/wp-json\/wp\/v2\/media?parent=311"}],"curies":[{"name":"wp","href":"https:\/\/api.w.org\/{rel}","templated":true}]}}